{"id":2,"date":"2025-02-09T17:34:49","date_gmt":"2025-02-09T17:34:49","guid":{"rendered":"https:\/\/www.distribucionesulibarri.com\/?page_id=2"},"modified":"2025-02-11T12:03:34","modified_gmt":"2025-02-11T12:03:34","slug":"sample-page","status":"publish","type":"page","link":"https:\/\/www.distribucionesulibarri.com\/index.php\/sample-page\/","title":{"rendered":"Quienes somos"},"content":{"rendered":"<div dir=\"auto\">\u00bfQUIENES SOMOS?<\/div>\n<div dir=\"auto\">Como definirlo en apenas unas frases.\u00a0<\/div>\n<div dir=\"auto\">Denominarnos los mejores, los m\u00e1s econ\u00f3micos, los que antes entregan sus pedidos, no es una labor f\u00e1cil.\u00a0<\/div>\n<div dir=\"auto\">Contaros que en todos nuestros cometidos, siempre hemos puesto todo de nosotros durante generaciones, se acerca m\u00e1s a la realidad del concepto que tenemos de nuestros proyectos.<\/div>\n<div dir=\"auto\">DISTRIBUCIONES ULIBARRI, es una ilusi\u00f3n que con vuestra ayuda queremos hacer posible.\u00a0<\/div>\n<div dir=\"auto\">En cada trabajo que nos encarg\u00e1is, convertimos vuestros sue\u00f1os en los nuestros, como llevamos haci\u00e9ndolo a\u00f1os, en diversos \u00e1mbitos de nuestra trayectoria profesional.\u00a0<\/div>\n<div dir=\"auto\">Nunca dejamos de so\u00f1ar, nunca perdemos la ilusi\u00f3n, cada nuevo reto es nuestra superaci\u00f3n.\u00a0<\/div>\n<div dir=\"auto\">Desde DISTRIBUCIONES ULIBARRI, GRUPO JMU, queremos daros las GRACIAS, por confiar en nuestra nueva ANDADURA.<\/div>\n","protected":false},"excerpt":{"rendered":"<p>\u00bfQUIENES SOMOS? Como definirlo en apenas unas frases.\u00a0 Denominarnos los mejores, los m\u00e1s econ\u00f3micos, los que antes entregan sus pedidos, no es una labor f\u00e1cil.\u00a0 Contaros que en todos nuestros cometidos, siempre hemos puesto todo de nosotros durante generaciones, se acerca m\u00e1s a la realidad del concepto que tenemos de nuestros proyectos. DISTRIBUCIONES ULIBARRI, es [&hellip;]<\/p>\n","protected":false},"author":1,"featured_media":0,"parent":0,"menu_order":0,"comment_status":"closed","ping_status":"closed","template":"","meta":{"footnotes":""},"class_list":["post-2","page","type-page","status-publish","hentry"],"jetpack_sharing_enabled":true,"_links":{"self":[{"href":"https:\/\/www.distribucionesulibarri.com\/index.php\/wp-json\/wp\/v2\/pages\/2","targetHints":{"allow":["GET"]}}],"collection":[{"href":"https:\/\/www.distribucionesulibarri.com\/index.php\/wp-json\/wp\/v2\/pages"}],"about":[{"href":"https:\/\/www.distribucionesulibarri.com\/index.php\/wp-json\/wp\/v2\/types\/page"}],"author":[{"embeddable":true,"href":"https:\/\/www.distribucionesulibarri.com\/index.php\/wp-json\/wp\/v2\/users\/1"}],"replies":[{"embeddable":true,"href":"https:\/\/www.distribucionesulibarri.com\/index.php\/wp-json\/wp\/v2\/comments?post=2"}],"version-history":[{"count":0,"href":"https:\/\/www.distribucionesulibarri.com\/index.php\/wp-json\/wp\/v2\/pages\/2\/revisions"}],"wp:attachment":[{"href":"https:\/\/www.distribucionesulibarri.com\/index.php\/wp-json\/wp\/v2\/media?parent=2"}],"curies":[{"name":"wp","href":"https:\/\/api.w.org\/{rel}","templated":true}]}}